{"id":1419,"date":"2023-08-25T17:27:13","date_gmt":"2023-08-25T17:27:13","guid":{"rendered":"https:\/\/briscmagnet.wpengine.com\/?page_id=1419"},"modified":"2023-11-03T13:00:42","modified_gmt":"2023-11-03T13:00:42","slug":"terms-conditions","status":"publish","type":"page","link":"https:\/\/brisc.co.kr\/en\/terms-conditions\/","title":{"rendered":"Terms &#038; Conditions"},"content":{"rendered":"\n<p>Allgemeine&nbsp;Verkaufsbedingungen&nbsp;der&nbsp;SOPH&nbsp;GmbH, 22309&nbsp;Hamburg<\/p>\n\n\n\n<ul>\n<li>Geltungsbereich\n<ul>\n<li>Diese&nbsp;Verkaufsbedingungen&nbsp;gelten&nbsp;ausschlie\u00dflich&nbsp;gegen\u00fcber&nbsp;Unternehmern,&nbsp;juristischen&nbsp;Personen&nbsp;des&nbsp;\u00f6ffentlichen&nbsp;Rechts&nbsp;oder&nbsp;\u00f6ffentlich-rechtlichen&nbsp;Sonderverm\u00f6gen im Sinne von \u00a7 310 Absatz 1 BGB. Entgegenstehende oder von&nbsp;unseren Verkaufsbedingungen abweichende Bedingungen des Bestellers erkennen wir&nbsp;nur&nbsp;an,&nbsp;wenn&nbsp;wir&nbsp;ausdr\u00fccklich&nbsp;schriftlich&nbsp;der&nbsp;Geltungzustimmen.<\/li>\n\n\n\n<li>Diese Verkaufsbedingungen gelten auch f\u00fcr alle zuk\u00fcnftigen Gesch\u00e4fte mit dem&nbsp;Besteller, soweit es sich um Rechtsgesch\u00e4fte verwandter Art handelt.<\/li>\n<\/ul>\n<\/li>\n\n\n\n<li>&nbsp;Angebot&nbsp;und&nbsp;Vertragsabschluss<\/li>\n<\/ul>\n\n\n\n<p>Sofern eine Bestellung als Angebot gem\u00e4\u00df \u00a7 145 BGB anzusehen ist, k\u00f6nnen wir diese innerhalb von zwei Wochen annehmen.<\/p>\n\n\n\n<ul>\n<li>&nbsp;\u00dcberlassene&nbsp;Unterlagen<\/li>\n<\/ul>\n\n\n\n<p>An&nbsp;allen&nbsp;in&nbsp;Zusammenhang&nbsp;mit&nbsp;der&nbsp;Auftragserteilung&nbsp;dem&nbsp;Besteller&nbsp;\u00fcberlassenen&nbsp;Unterlagen, wie z. B. Kalkulationen, Zeichnungen etc., behalten wir uns Eigentums- und&nbsp;Urheberrechte vor. Diese Unterlagen d\u00fcrfen Dritten nicht&nbsp;zug\u00e4nglich gemacht werden,&nbsp;es&nbsp;sei&nbsp;denn,&nbsp;wir&nbsp;erteilen&nbsp;dazu&nbsp;dem&nbsp;Besteller&nbsp;unsere&nbsp;ausdr\u00fcckliche&nbsp;schriftliche&nbsp;Zustimmung. Soweit wir das Angebot des Bestellers nicht innerhalb der Frist von \u00a7 2&nbsp;annehmen,&nbsp;sind&nbsp;diese&nbsp;Unterlagen&nbsp;uns&nbsp;unverz\u00fcglich&nbsp;zur\u00fcckzusenden.<\/p>\n\n\n\n<ul>\n<li>Preise\u00a0und\u00a0Zahlung\n<ul>\n<li>Sofern nichts&nbsp;Gegenteiliges&nbsp;schriftlich vereinbart&nbsp;wird,&nbsp;gelten unsere&nbsp;Preise&nbsp;ab&nbsp;Werk ausschlie\u00dflich Verpackung und zuz\u00fcglich Mehrwertsteuer in jeweils g\u00fcltiger H\u00f6he.&nbsp;Kosten&nbsp;derVerpackung&nbsp;werden&nbsp;gesondert&nbsp;in&nbsp;Rechnung&nbsp;gestellt.<\/li>\n\n\n\n<li>Die Zahlung des Kaufpreises hat ausschlie\u00dflich auf das in der Rechnung genannte&nbsp;Konto&nbsp;zu&nbsp;erfolgen.&nbsp;Der&nbsp;Abzug&nbsp;von&nbsp;Skonto&nbsp;ist&nbsp;nur&nbsp;bei&nbsp;schriftlicher&nbsp;besonderer&nbsp;Vereinbarung&nbsp;zul\u00e4ssig.<\/li>\n\n\n\n<li>Sofern nichts anderes vereinbart wird, ist der Kaufpreis sofort nach Lieferung zu&nbsp;zahlen Verzugszinsen werden in H\u00f6he von 9 % \u00fcber dem jeweiligen Basiszinssatz p.a.&nbsp;und&nbsp;eineKostenpauschale&nbsp;von&nbsp;40,00&nbsp;\u20ac&nbsp;<em>(siehe&nbsp;Anhang&nbsp;1)&nbsp;<\/em>berechnet.&nbsp;Die&nbsp;Geltendmachung&nbsp;eines&nbsp;h\u00f6heren&nbsp;Verzugsschadens&nbsp;bleibt&nbsp;vorbehalten.<\/li>\n\n\n\n<li>Sofern&nbsp;keine&nbsp;Festpreisabrede&nbsp;getroffen&nbsp;wurde,&nbsp;bleiben&nbsp;angemessene&nbsp;Preis\u00e4nderungen&nbsp;wegen&nbsp;ver\u00e4nderter&nbsp;Lohn-,&nbsp;Material-&nbsp;und&nbsp;Vertriebskosten&nbsp;f\u00fcr&nbsp;Lieferungen,&nbsp;die&nbsp;3&nbsp;Monate oder&nbsp;sp\u00e4ternach&nbsp;Vertragsabschluss&nbsp;erfolgen,&nbsp;vorbehalten<\/li>\n<\/ul>\n<\/li>\n\n\n\n<li>Aufrechnung, Zur\u00fcckbehaltung\n<ul>\n<li>Der Besteller ist zur Aufrechnung nur berechtigt, insoweit seine Gegenanspr\u00fcche unbestritten oder rechtskr\u00e4ftig festgestellt sind.<\/li>\n\n\n\n<li>Zur Aus\u00fcbung eines Zur\u00fcckbehaltungsrechts ist der Besteller nur insoweit befugt, als&nbsp;sein&nbsp;Gegenanspruch&nbsp;unbestritten oder rechtskr\u00e4ftig festgestellt ist und auf&nbsp;dem&nbsp;gleichenVertragsverh\u00e4ltnis&nbsp;beruht.<\/li>\n<\/ul>\n<\/li>\n\n\n\n<li>Lieferzeit\n<ul>\n<li>Der&nbsp;Beginn&nbsp;der&nbsp;von&nbsp;uns&nbsp;angegebenen&nbsp;Lieferzeit&nbsp;setzt&nbsp;die&nbsp;rechtzeitige&nbsp;und&nbsp;ordnungsgem\u00e4\u00dfe Erf\u00fcllung der Verpflichtungen des Bestellers voraus. Die Einrede des&nbsp;nicht&nbsp;erf\u00fcllten&nbsp;Vertragesbleibt&nbsp;vorbehalten.<\/li>\n\n\n\n<li>Kommt&nbsp;der&nbsp;Besteller&nbsp;in&nbsp;Annahmeverzug&nbsp;oder&nbsp;verletzt&nbsp;er&nbsp;schuldhaft&nbsp;sonstige&nbsp;Mitwirkungspflichten, so sind wir berechtigt, den uns insoweit entstehenden Schaden,&nbsp;einschlie\u00dflich&nbsp;etwaigerMehraufwendungen&nbsp;ersetzt&nbsp;zu&nbsp;verlangen.&nbsp;Weitergehende&nbsp;Anspr\u00fcche bleiben vorbehalten. Sofern vorstehende Voraussetzungen vorliegen, geht&nbsp;die&nbsp;Gefahr&nbsp;eines&nbsp;zuf\u00e4lligen&nbsp;Untergangs&nbsp;odereiner&nbsp;zuf\u00e4lligen&nbsp;Verschlechterung&nbsp;der&nbsp;Kaufsache in dem Zeitpunkt auf den Besteller \u00fcber, in dem dieser in Annahme- oder&nbsp;Schuldnerverzug&nbsp;geraten&nbsp;ist.<\/li>\n<\/ul>\n<\/li>\n\n\n\n<li>&nbsp;Gefahr\u00fcbergang&nbsp;bei&nbsp;Versendung<\/li>\n<\/ul>\n\n\n\n<p>Wird&nbsp;die&nbsp;Ware&nbsp;auf&nbsp;Wunsch&nbsp;des&nbsp;Bestellers&nbsp;an&nbsp;diesen&nbsp;versandt,&nbsp;so&nbsp;geht&nbsp;mit&nbsp;der&nbsp;Absendung&nbsp;an&nbsp;den&nbsp;Besteller,&nbsp;sp\u00e4testens&nbsp;mit&nbsp;Verlassen&nbsp;des&nbsp;Werks\/Lagers&nbsp;die&nbsp;Gefahr&nbsp;des&nbsp;zuf\u00e4lligenUntergangs&nbsp;oder&nbsp;der&nbsp;zuf\u00e4lligen&nbsp;Verschlechterung&nbsp;der&nbsp;Ware&nbsp;auf&nbsp;den&nbsp;Besteller&nbsp;\u00fcber.&nbsp;Dies&nbsp;gilt&nbsp;unabh\u00e4ngig&nbsp;davon,&nbsp;ob&nbsp;die&nbsp;Versendung&nbsp;der&nbsp;Ware&nbsp;vom&nbsp;Erf\u00fcllungsort&nbsp;erfolgt&nbsp;oder&nbsp;wer&nbsp;die&nbsp;Frachtkostentr\u00e4gt.<\/p>\n\n\n\n<ul>\n<li>Eigentumsvorbehalt\n<ul>\n<li>Wir behalten uns das Eigentum an der gelieferten Sache bis zur vollst\u00e4ndigen&nbsp;Zahlung&nbsp;s\u00e4mtlicher&nbsp;Forderungen&nbsp;aus&nbsp;dem&nbsp;Liefervertrag&nbsp;vor.&nbsp;Dies&nbsp;gilt&nbsp;auch&nbsp;f\u00fcr&nbsp;alle&nbsp;zuk\u00fcnftigen Lieferungen, auch wenn wir uns nicht stets ausdr\u00fccklich hierauf berufen. Wir&nbsp;sind berechtigt, die Kaufsache zur\u00fcckzunehmen, wenn der Besteller sich vertragswidrig&nbsp;verh\u00e4lt.<\/li>\n\n\n\n<li>Der&nbsp;Besteller&nbsp;ist&nbsp;verpflichtet,&nbsp;solange&nbsp;das&nbsp;Eigentum&nbsp;noch&nbsp;nicht&nbsp;auf&nbsp;ihn&nbsp;\u00fcbergegangen&nbsp;ist,&nbsp;die&nbsp;Kaufsache&nbsp;pfleglich&nbsp;zu&nbsp;behandeln.&nbsp;Insbesondere&nbsp;ist&nbsp;er&nbsp;verpflichtet,&nbsp;diese auf eigene&nbsp;Kosten gegen Diebstahl-, Feuer-&nbsp;und Wassersch\u00e4den&nbsp;ausreichend zum Neuwert zu versichern.&nbsp;M\u00fcssen&nbsp;Wartungs-&nbsp;und&nbsp;Inspektionsarbeiten&nbsp;durchgef\u00fchrt&nbsp;werden,&nbsp;hat&nbsp;der&nbsp;Besteller diese auf eigene Kosten rechtzeitig auszuf\u00fchren. Solange das Eigentum noch&nbsp;nicht \u00fcbergegangen ist, hat uns der Besteller unverz\u00fcglich schriftlich zu benachrichtigen,&nbsp;wenn der gelieferte Gegenstand gepf\u00e4ndet oder sonstigen Eingriffen Dritter ausgesetzt&nbsp;ist. Soweit der Dritte nicht in der Lage ist, uns die gerichtlichen und au\u00dfergerichtlichen&nbsp;Kosten einer Klage gem\u00e4\u00df \u00a7 771 ZPO zu erstatten, haftet der Besteller f\u00fcr den uns&nbsp;entstandenen&nbsp;Ausfall.<\/li>\n\n\n\n<li>Der&nbsp;Besteller&nbsp;ist&nbsp;zur&nbsp;Weiterver\u00e4u\u00dferung&nbsp;der&nbsp;Vorbehaltsware&nbsp;im&nbsp;normalen&nbsp;Gesch\u00e4ftsverkehr&nbsp;berechtigt.&nbsp;Die&nbsp;Forderungen&nbsp;gegen\u00fcber&nbsp;dem&nbsp;Abnehmer&nbsp;aus&nbsp;der&nbsp;Weiterver\u00e4u\u00dferung der Vorbehaltsware tritt der Besteller schon jetzt an uns in H\u00f6he des&nbsp;mit uns vereinbarten Faktura-Endbetrages (einschlie\u00dflich Mehrwertsteuer)&nbsp;ab.&nbsp;Diese&nbsp;Abtretung&nbsp;gilt&nbsp;unabh\u00e4ngig&nbsp;davon,&nbsp;ob&nbsp;dieKaufsache&nbsp;ohne&nbsp;oder&nbsp;nach&nbsp;Verarbeitung&nbsp;weiterverkauft worden ist. Der Besteller bleibt zur Einziehung der Forderung auch nach&nbsp;der Abtretung erm\u00e4chtigt. Unsere Befugnis, die Forderung selbst einzuziehen, bleibt&nbsp;davon&nbsp;unber\u00fchrt.&nbsp;Wir&nbsp;werden&nbsp;jedoch&nbsp;die&nbsp;Forderung&nbsp;nicht&nbsp;einziehen,&nbsp;solange&nbsp;der&nbsp;Besteller seinen Zahlungsverpflichtungen aus den vereinnahmten Erl\u00f6sen nachkommt,&nbsp;nicht&nbsp;in&nbsp;Zahlungsverzug&nbsp;ist&nbsp;und&nbsp;insbesondere&nbsp;kein&nbsp;Antrag&nbsp;auf&nbsp;Er\u00f6ffnung&nbsp;eines&nbsp;Insolvenzverfahrens&nbsp;gestellt&nbsp;ist&nbsp;oder&nbsp;Zahlungseinstellung&nbsp;vorliegt.<\/li>\n\n\n\n<li>Die&nbsp;Be-&nbsp;und&nbsp;Verarbeitung&nbsp;oder&nbsp;Umbildung&nbsp;der&nbsp;Kaufsache&nbsp;durch&nbsp;den Besteller&nbsp;erfolgt&nbsp;stets&nbsp;Namens&nbsp;und&nbsp;im&nbsp;Auftrag&nbsp;f\u00fcr&nbsp;uns.&nbsp;In&nbsp;diesem&nbsp;Fall&nbsp;setzt&nbsp;sich&nbsp;das&nbsp;Anwartschaftsrecht des Bestellers an der Kaufsache an der umgebildeten Sache fort.&nbsp;Sofern die Kaufsache mit anderen,&nbsp;uns&nbsp;nicht geh\u00f6renden Gegenst\u00e4nden verarbeitet&nbsp;wird, erwerben wir das Miteigentum an der neuen Sache im Verh\u00e4ltnis des objektiven&nbsp;Wertes unserer Kaufsache zu den anderen bearbeiteten Gegenst\u00e4nden zur Zeit der&nbsp;Verarbeitung. Dasselbe gilt f\u00fcr den Fall der Vermischung. Sofern die Vermischung in der&nbsp;Weise erfolgt, dass die Sache des Bestellers als Hauptsache anzusehen ist, gilt als&nbsp;vereinbart,&nbsp;dass&nbsp;der&nbsp;Besteller&nbsp;uns&nbsp;anteilm\u00e4\u00dfig&nbsp;Miteigentum&nbsp;\u00fcbertr\u00e4gt&nbsp;und&nbsp;das&nbsp;soentstandene Alleineigentum oder Miteigentum f\u00fcr uns verwahrt. Zur Sicherung unserer&nbsp;Forderungen gegen den Besteller tritt der Besteller auch solche Forderungen an uns ab,&nbsp;die ihm durch die Verbindung der Vorbehaltsware mit einem Grundst\u00fcck gegen einen&nbsp;Dritten&nbsp;erwachsen;&nbsp;wir&nbsp;nehmen&nbsp;diese&nbsp;Abtretung&nbsp;schon&nbsp;jetzt&nbsp;an.<\/li>\n\n\n\n<li>Wir&nbsp;verpflichten&nbsp;uns,&nbsp;die&nbsp;uns&nbsp;zustehenden&nbsp;Sicherheiten&nbsp;auf&nbsp;Verlangen&nbsp;des&nbsp;Bestellers&nbsp;freizugeben,&nbsp;soweit&nbsp;ihr&nbsp;Wert&nbsp;die&nbsp;zu&nbsp;sichernden&nbsp;Forderungen&nbsp;um&nbsp;mehr&nbsp;als&nbsp;20 %&nbsp;\u00fcbersteigt.<\/li>\n<\/ul>\n<\/li>\n\n\n\n<li>Gew\u00e4hrleistung\u00a0und\u00a0M\u00e4ngelr\u00fcge\u00a0sowie\u00a0R\u00fcckgriff\/Herstellerregress<ul><li>Gew\u00e4hrleistungsrechte&nbsp;des&nbsp;Bestellers&nbsp;setzen&nbsp;voraus,&nbsp;dass&nbsp;dieser&nbsp;seinen&nbsp;nach&nbsp;\u00a7 377&nbsp;HGB&nbsp;geschuldeten&nbsp;Untersuchungs-&nbsp;und&nbsp;R\u00fcgeobliegenheiten&nbsp;ordnungsgem\u00e4\u00df&nbsp;nachgekommen&nbsp;ist.<\/li><li>Sollte&nbsp;trotz&nbsp;aller&nbsp;aufgewendeter&nbsp;Sorgfalt&nbsp;die&nbsp;gelieferte&nbsp;Ware&nbsp;einen&nbsp;Mangel&nbsp;aufweisen, der bereits zum Zeitpunkt des Gefahr\u00fcbergangs vorlag, so werden wir die&nbsp;Ware, vorbehaltlich fristgerechter M\u00e4ngelr\u00fcge&nbsp;nach unserer Wahl&nbsp;nachbessern oder&nbsp;Ersatzware&nbsp;liefern.&nbsp;Es&nbsp;ist&nbsp;uns&nbsp;stets&nbsp;Gelegenheit&nbsp;zur&nbsp;Nacherf\u00fcllung&nbsp;innerhalb&nbsp;angemessener Frist zu geben. R\u00fcckgriffsanspr\u00fcche bleiben von vorstehender Regelung&nbsp;ohne&nbsp;Einschr\u00e4nkung&nbsp;unber\u00fchrt.<\/li><li>Schl\u00e4gt&nbsp;die&nbsp;Nacherf\u00fcllung&nbsp;fehl,&nbsp;kann&nbsp;der&nbsp;Besteller&nbsp;\u2013&nbsp;unbeschadet&nbsp;etwaiger&nbsp;Schadensersatzanspr\u00fcche&nbsp;\u2013&nbsp;vom&nbsp;Vertrag zur\u00fccktreten&nbsp;oder&nbsp;die Verg\u00fctung&nbsp;mindern.<\/li><li>M\u00e4ngelanspr\u00fcche&nbsp;bestehen&nbsp;nicht&nbsp;bei&nbsp;nur&nbsp;unerheblicher&nbsp;Abweichung&nbsp;von&nbsp;der&nbsp;vereinbarten Beschaffenheit, bei nur unerheblicher Beeintr\u00e4chtigung der Brauchbarkeit,&nbsp;bei&nbsp;nat\u00fcrlicherAbnutzung&nbsp;oder&nbsp;Verschlei\u00df&nbsp;wie&nbsp;bei&nbsp;Sch\u00e4den,&nbsp;die&nbsp;nach&nbsp;dem&nbsp;Gefahr\u00fcbergang&nbsp;infolge&nbsp;fehlerhafter&nbsp;oder&nbsp;nachl\u00e4ssiger&nbsp;Behandlung,&nbsp;\u00fcberm\u00e4\u00dfiger&nbsp;Beanspruchung, ungeeigneter Betriebsmittel, mangelhafter Bauarbeiten, ungeeigneten&nbsp;Baugrundes&nbsp;oder&nbsp;aufgrund&nbsp;besonderer&nbsp;\u00e4u\u00dferer&nbsp;Einfl\u00fcsse&nbsp;entstehen,&nbsp;die&nbsp;nach&nbsp;dem&nbsp;Vertrag&nbsp;nicht vorausgesetzt sind. Werden vom Besteller oder Dritten unsachgem\u00e4\u00df&nbsp;Instandsetzungsarbeiten oder \u00c4nderungen vorgenommen, so bestehen f\u00fcr diese und die&nbsp;daraus&nbsp;entstehenden&nbsp;Folgen&nbsp;ebenfalls&nbsp;keine&nbsp;M\u00e4ngelanspr\u00fcche.<\/li><\/ul>\n<ul>\n<li>R\u00fcckgriffsanspr\u00fcche&nbsp;des&nbsp;Bestellers&nbsp;gegen&nbsp;uns&nbsp;bestehen&nbsp;nur&nbsp;insoweit,&nbsp;als&nbsp;der&nbsp;Besteller mit seinem Abnehmer keine \u00fcber die gesetzlich zwingenden M\u00e4ngelanspr\u00fcche&nbsp;hinausgehendenVereinbarungen&nbsp;getroffen&nbsp;hat.&nbsp;F\u00fcr&nbsp;den&nbsp;Umfang&nbsp;des&nbsp;R\u00fcckgriffsanspruches&nbsp;des&nbsp;Bestellers&nbsp;gegen&nbsp;den&nbsp;Lieferer&nbsp;gilt&nbsp;ferner&nbsp;Absatz&nbsp;5&nbsp;entsprechend.<\/li>\n\n\n\n<li>Etwaige Schadens- und Aufwendungsersatzanspr\u00fcche wegen mangelhafter Leistungen k\u00f6nnen nur im Rahmen von&nbsp;\u00a7 10&nbsp;dieser Allgemeinen Verkaufsbedingungen geltend gemacht werden.<\/li>\n<\/ul>\n<\/li>\n\n\n\n<li><a>Schadens- und Aufwendungsersatz<\/a>\n<ul>\n<li>Der Haftungsausschluss nach dem vorstehenden Absatz&nbsp;1&nbsp;gilt nicht a)&nbsp;bei einer Haftung nach dem Produkthaftungsgesetz, b)&nbsp;in F\u00e4llen des Vorsatzes oder der groben Fahrl\u00e4ssigkeit, c)&nbsp;bei schuldhafter Verletzung des Lebens, des K\u00f6rpers oder der Gesundheit oder d)&nbsp;bei schuldhafter Verletzung wesentlicher Vertragspflichten, also solcher Pflichten, deren Erf\u00fcllung die ordnungsgem\u00e4\u00dfe Durchf\u00fchrung des Vertrages \u00fcberhaupt erst erm\u00f6glicht und auf deren Einhaltung der Besteller regelm\u00e4\u00dfig vertraut und vertrauen darf. Die Haftung wegen Verletzung wesentlicher Vertragspflichten ist beschr\u00e4nkt auf den Ersatz des vorhersehbaren, vertragstypischen Schadens, soweit nicht aufgrund Vorsatzes oder grober Fahrl\u00e4ssigkeit, Verletzung des Lebens, des K\u00f6rpers oder der Gesundheit oder nach dem Produkthaftungsgesetz gehaftet wird.<\/li>\n\n\n\n<li>Soweit unserer Haftung ausgeschlossen oder beschr\u00e4nkt ist, gilt dies auch zugunsten unserer gesetzlichen Vertreter, Mitarbeiter, Unterlieferanten und Erf\u00fcllungsgehilfen bei deren direkter Inanspruchnahme durch den Besteller.<\/li>\n<\/ul>\n<\/li>\n\n\n\n<li>Verj\u00e4hrung\n<ul>\n<li>Der vorstehende Absatz&nbsp;1&nbsp;gilt nicht f\u00fcr Schadensersatzanspr\u00fcche aufgrund Vorsatzes oder grober Fahrl\u00e4ssigkeit, schuldhafter Verletzung des Lebens, des K\u00f6rpers oder der Gesundheit oder einer Haftung nach dem Produkthaftungsgesetz, f\u00fcr die die gesetzliche Verj\u00e4hrungsfrist gilt.<\/li>\n<\/ul>\n<\/li>\n\n\n\n<li>Sonstiges\n<ul>\n<li>Dieser Vertrag und die gesamten Rechtsbeziehungen der Parteien unterliegen dem&nbsp;Recht&nbsp;der&nbsp;Bundesrepublik&nbsp;Deutschland unter&nbsp;Ausschluss&nbsp;des&nbsp;UN-Kaufrechts&nbsp;(CISG).<\/li>\n\n\n\n<li>Erf\u00fcllungsort&nbsp;sowie&nbsp;ausschlie\u00dflicher&nbsp;Gerichtsstand&nbsp;f\u00fcr&nbsp;alle&nbsp;Streitigkeiten&nbsp;aus und im Zusammenhang mit&nbsp;&nbsp;diesem Vertrag ist unser Gesch\u00e4ftssitz, sofern sich aus der Auftragsbest\u00e4tigung nichts&nbsp;anderes&nbsp;ergibt.<\/li>\n\n\n\n<li>Alle&nbsp;Vereinbarungen,&nbsp;die&nbsp;zwischen&nbsp;den&nbsp;Parteien&nbsp;zwecks&nbsp;Ausf\u00fchrung&nbsp;dieses&nbsp;Vertrages&nbsp;getroffen&nbsp;werden,&nbsp;sind&nbsp;in&nbsp;diesem&nbsp;Vertrag&nbsp;schriftlich&nbsp;niedergelegt.<\/li>\n<\/ul>\n<\/li>\n<\/ul>\n\n\n\n<p>Hamburg,&nbsp;Feb. 2022<\/p>\n","protected":false},"excerpt":{"rendered":"<p>Allgemeine&nbsp;Verkaufsbedingungen&nbsp;der&nbsp;SOPH&nbsp;GmbH, 22309&nbsp;Hamburg Sofern eine Bestellung als Angebot gem\u00e4\u00df \u00a7 145 BGB anzusehen ist, k\u00f6nnen wir diese innerhalb von zwei Wochen annehmen. An&nbsp;allen&nbsp;in&nbsp;Zusammenhang&nbsp;mit&nbsp;der&nbsp;Auftragserteilung&nbsp;dem&nbsp;Besteller&nbsp;\u00fcberlassenen&nbsp;Unterlagen, wie z. B. Kalkulationen, Zeichnungen etc., behalten wir uns Eigentums- und&nbsp;Urheberrechte vor. Diese Unterlagen d\u00fcrfen Dritten nicht&nbsp;zug\u00e4nglich gemacht werden,&nbsp;es&nbsp;sei&nbsp;denn,&nbsp;wir&nbsp;erteilen&nbsp;dazu&nbsp;dem&nbsp;Besteller&nbsp;unsere&nbsp;ausdr\u00fcckliche&nbsp;schriftliche&nbsp;Zustimmung. Soweit wir das Angebot des Bestellers nicht innerhalb der Frist von \u00a7 2&nbsp;annehmen,&nbsp;sind&nbsp;diese&nbsp;Unterlagen&nbsp;uns&nbsp;unverz\u00fcglich&nbsp;zur\u00fcckzusenden. Wird&nbsp;die&nbsp;Ware&nbsp;auf&nbsp;Wunsch&nbsp;des&nbsp;Bestellers&nbsp;an&nbsp;diesen&nbsp;versandt,&nbsp;so&nbsp;geht&nbsp;mit&nbsp;der&nbsp;Absendung&nbsp;an&nbsp;den&nbsp;Besteller,&nbsp;sp\u00e4testens&nbsp;mit&nbsp;Verlassen&nbsp;des&nbsp;Werks\/Lagers&nbsp;die&nbsp;Gefahr&nbsp;des&nbsp;zuf\u00e4lligenUntergangs&nbsp;oder&nbsp;der&nbsp;zuf\u00e4lligen&nbsp;Verschlechterung&nbsp;der&nbsp;Ware&nbsp;auf&nbsp;den&nbsp;Besteller&nbsp;\u00fcber.&nbsp;Dies&nbsp;gilt&nbsp;unabh\u00e4ngig&nbsp;davon,&nbsp;ob&nbsp;die&nbsp;Versendung&nbsp;der&nbsp;Ware&nbsp;vom&nbsp;Erf\u00fcllungsort&nbsp;erfolgt&nbsp;oder&nbsp;wer&nbsp;die&nbsp;Frachtkostentr\u00e4gt.&hellip;<\/p>\n","protected":false},"author":3,"featured_media":0,"parent":0,"menu_order":0,"comment_status":"closed","ping_status":"closed","template":"","meta":{"_monsterinsights_skip_tracking":false,"_monsterinsights_sitenote_active":false,"_monsterinsights_sitenote_note":"","_monsterinsights_sitenote_category":0,"footnotes":""},"acf":[],"_links":{"self":[{"href":"https:\/\/brisc.co.kr\/en\/wp-json\/wp\/v2\/pages\/1419"}],"collection":[{"href":"https:\/\/brisc.co.kr\/en\/wp-json\/wp\/v2\/pages"}],"about":[{"href":"https:\/\/brisc.co.kr\/en\/wp-json\/wp\/v2\/types\/page"}],"author":[{"embeddable":true,"href":"https:\/\/brisc.co.kr\/en\/wp-json\/wp\/v2\/users\/3"}],"replies":[{"embeddable":true,"href":"https:\/\/brisc.co.kr\/en\/wp-json\/wp\/v2\/comments?post=1419"}],"version-history":[{"count":0,"href":"https:\/\/brisc.co.kr\/en\/wp-json\/wp\/v2\/pages\/1419\/revisions"}],"wp:attachment":[{"href":"https:\/\/brisc.co.kr\/en\/wp-json\/wp\/v2\/media?parent=1419"}],"curies":[{"name":"wp","href":"https:\/\/api.w.org\/{rel}","templated":true}]}}